{"id":16,"date":"2023-08-21T21:05:23","date_gmt":"2023-08-21T21:05:23","guid":{"rendered":"http:\/\/piretilves.localhost\/?page_id=16"},"modified":"2026-02-16T11:25:03","modified_gmt":"2026-02-16T09:25:03","slug":"minust","status":"publish","type":"page","link":"https:\/\/piretilves.com\/en\/minust\/","title":{"rendered":"Minust"},"content":{"rendered":"<p>[et_pb_section fb_built=&#8221;1&#8243; _builder_version=&#8221;4.22.1&#8243; _module_preset=&#8221;default&#8221; global_colors_info=&#8221;{}&#8221;][et_pb_row column_structure=&#8221;1_2,1_2&#8243; _builder_version=&#8221;4.22.1&#8243; _module_preset=&#8221;default&#8221; global_colors_info=&#8221;{}&#8221;][et_pb_column type=&#8221;1_2&#8243; _builder_version=&#8221;4.22.1&#8243; _module_preset=&#8221;default&#8221; global_colors_info=&#8221;{}&#8221;][et_pb_image src=&#8221;https:\/\/piretilves.com\/wp-content\/uploads\/2026\/02\/Piret-Ilves.jpeg&#8221; title_text=&#8221;Piret Ilves&#8221; _builder_version=&#8221;4.27.4&#8243; _module_preset=&#8221;default&#8221; global_colors_info=&#8221;{}&#8221;][\/et_pb_image][\/et_pb_column][et_pb_column type=&#8221;1_2&#8243; _builder_version=&#8221;4.22.1&#8243; _module_preset=&#8221;default&#8221; global_colors_info=&#8221;{}&#8221;][et_pb_text _builder_version=&#8221;4.22.1&#8243; _module_preset=&#8221;default&#8221; width=&#8221;100%&#8221; global_colors_info=&#8221;{}&#8221;]<\/p>\n<p style=\"text-align: justify;\"><span>Uurin r\u00f5ivaid kui materiaalseid objekte, mis kujundavad meie igap\u00e4evaelu.<\/span><\/p>\n<p style=\"text-align: justify;\"><span style=\"font-size: 14px;\"><\/span><\/p>\n<p style=\"text-align: justify;\"><span style=\"font-size: 14px;\">Olen iseseisev uurija, kirjutaja ja koolitaja. Peale enam kui k\u00fcmmet aastat moedisainerina suunasin oma fookuse r\u00f5ivaste kultuurilistele, eetilistele ja keskkondlikele t\u00e4hendustele, vaadeldes nende rolli \u00fchiskondlike ootuste ja normide, tarbimise ning identiteedi kontekstis. T\u00e4na paigutan r\u00f5ivad laiemasse kliimavastutuse ja materiaalse teadlikkuse konteksti.<\/span><\/p>\n<p style=\"text-align: justify;\"><span style=\"font-size: 14px;\"><\/span><\/p>\n<p style=\"text-align: justify;\"><span style=\"font-size: 14px;\">L\u00e4henen r\u00f5ivastele kogu nende elukaare ulatuses \u2014 toorainest j\u00e4\u00e4tmeni \u2014 k\u00fcsides, mida inimese suhe r\u00f5ivastega t\u00e4nap\u00e4evase eluviisi kohta paljastab. Mind huvitab eriti, miks miski, mis on inimese kehale nii l\u00e4hedal, j\u00e4\u00e4b sageli automaatseks ja intellektuaalselt m\u00e4rkamatuks ning kuidas teha n\u00e4htavaks r\u00f5ivastega kaasnevaid varjatud m\u00f5jusid.<\/span><\/p>\n<p style=\"text-align: justify;\"><span style=\"font-size: 14px;\"><\/span><\/p>\n<p style=\"text-align: justify;\"><span style=\"font-size: 14px;\">Kirjutan kultuurikriitikat ning tegutsen filmikolumnistina rahvusvahelises portaalis <a href=\"https:\/\/dmovies.org\/profile\/piret-ilves\/\">DMovies<\/a>, k\u00e4sitledes seda, mida r\u00f5ivad filmides teevad, mida nad ei tee, ning milliseid t\u00e4hendusi nende kohalolu v\u00f5i puudumine loob.<\/span><\/p>\n<p style=\"text-align: justify;\"><span style=\"font-size: 14px;\"><\/span><\/p>\n<p style=\"text-align: justify;\"><span style=\"font-size: 14px;\">Pean loenguid, viin l\u00e4bi vestlusi ning teen koost\u00f6\u00f6d organisatsioonidega, aidates kujundada teadlikumat suhet r\u00f5ivastesse \u2014 mitte \u00fcksnes kui toodetesse, vaid osalistesse meie sotsiaalsetes ja keskkondlikes s\u00fcsteemides.<\/span><\/p>\n<p style=\"text-align: justify;\"><span style=\"font-size: 14px;\"><\/span><\/p>\n<p style=\"text-align: justify;\"><span style=\"font-size: 14px;\">2025. aastal kaitsesin magistrit\u00f6\u00f6d <a href=\"https:\/\/www.etera.ee\/zoom\/207160\/view?page=1&amp;p=separate\">\u201eR\u00f5ivas kui h\u00fcperobjekt ja selle avaldumine saadetes \u201eRingvaade\u201c ja \u201eTerevisioon\u201c<\/a>.<\/span><span style=\"font-size: 14px;\"><\/span><\/p>\n<p style=\"text-align: justify;\"><span style=\"font-size: 14px;\"><\/span><\/p>\n<p style=\"text-align: justify;\"><span style=\"font-size: 14px;\"><\/span><\/p>\n<p style=\"text-align: justify;\"><span style=\"font-size: 14px;\"><\/span><\/p>\n<p style=\"text-align: justify;\"><span style=\"font-size: 14px;\"><\/span><\/p>\n<p><span style=\"font-size: 14px;\"><\/span><\/p>\n<p><span style=\"font-size: 14px;\"><\/span><\/p>\n<p><span style=\"font-size: 14px;\"><\/span><\/p>\n<p><span style=\"font-size: 14px;\"><\/span><\/p>\n<p><span style=\"font-size: 14px;\"><\/span><\/p>\n<p><span style=\"font-size: 14px;\"><\/span><\/p>\n<p align=\"center\" style=\"text-align: center;\"><span><img loading=\"lazy\" decoding=\"async\" src=\"https:\/\/piretilves.com\/wp-content\/uploads\/2023\/09\/kuldnoel-300x250.jpg\" width=\"208\" height=\"173\" alt=\"\" class=\"wp-image-592 alignnone size-medium\" srcset=\"https:\/\/piretilves.com\/wp-content\/uploads\/2023\/09\/kuldnoel-300x250.jpg 300w, https:\/\/piretilves.com\/wp-content\/uploads\/2023\/09\/kuldnoel.jpg 375w\" sizes=\"(max-width: 208px) 100vw, 208px\" \/><\/span><\/p>\n<p>[\/et_pb_text][\/et_pb_column][\/et_pb_row][\/et_pb_section]<\/p>\n","protected":false},"excerpt":{"rendered":"<p>Uurin r\u00f5ivaid kui materiaalseid objekte, mis kujundavad meie igap\u00e4evaelu. Olen iseseisev uurija, kirjutaja ja koolitaja. Peale enam kui k\u00fcmmet aastat moedisainerina suunasin oma fookuse r\u00f5ivaste kultuurilistele, eetilistele ja keskkondlikele t\u00e4hendustele, vaadeldes nende rolli \u00fchiskondlike ootuste ja normide, tarbimise ning identiteedi kontekstis. T\u00e4na paigutan r\u00f5ivad laiemasse kliimavastutuse ja materiaalse teadlikkuse konteksti. L\u00e4henen r\u00f5ivastele kogu nende elukaare [&hellip;]<\/p>\n","protected":false},"author":1,"featured_media":0,"parent":0,"menu_order":0,"comment_status":"closed","ping_status":"closed","template":"","meta":{"_et_pb_use_builder":"on","_et_pb_old_content":"<!-- wp:divi\/placeholder \/-->","_et_gb_content_width":"","footnotes":""},"class_list":["post-16","page","type-page","status-publish","hentry"],"_links":{"self":[{"href":"https:\/\/piretilves.com\/en\/wp-json\/wp\/v2\/pages\/16","targetHints":{"allow":["GET"]}}],"collection":[{"href":"https:\/\/piretilves.com\/en\/wp-json\/wp\/v2\/pages"}],"about":[{"href":"https:\/\/piretilves.com\/en\/wp-json\/wp\/v2\/types\/page"}],"author":[{"embeddable":true,"href":"https:\/\/piretilves.com\/en\/wp-json\/wp\/v2\/users\/1"}],"replies":[{"embeddable":true,"href":"https:\/\/piretilves.com\/en\/wp-json\/wp\/v2\/comments?post=16"}],"version-history":[{"count":5,"href":"https:\/\/piretilves.com\/en\/wp-json\/wp\/v2\/pages\/16\/revisions"}],"predecessor-version":[{"id":731,"href":"https:\/\/piretilves.com\/en\/wp-json\/wp\/v2\/pages\/16\/revisions\/731"}],"wp:attachment":[{"href":"https:\/\/piretilves.com\/en\/wp-json\/wp\/v2\/media?parent=16"}],"curies":[{"name":"wp","href":"https:\/\/api.w.org\/{rel}","templated":true}]}}