{"id":241,"date":"2023-09-15T23:20:06","date_gmt":"2023-09-15T20:20:06","guid":{"rendered":"http:\/\/piretilves.localhost\/?page_id=241"},"modified":"2026-04-13T15:16:00","modified_gmt":"2026-04-13T12:16:00","slug":"koostoo","status":"publish","type":"page","link":"https:\/\/piretilves.com\/en\/koostoo\/","title":{"rendered":"#KapisAinultLemmikud"},"content":{"rendered":"<p>[et_pb_section fb_built=&#8221;1&#8243; _builder_version=&#8221;4.22.1&#8243; _module_preset=&#8221;default&#8221; global_colors_info=&#8221;{}&#8221;][et_pb_row column_structure=&#8221;1_2,1_2&#8243; _builder_version=&#8221;4.22.1&#8243; _module_preset=&#8221;default&#8221; global_colors_info=&#8221;{}&#8221;][et_pb_column type=&#8221;1_2&#8243; _builder_version=&#8221;4.22.1&#8243; _module_preset=&#8221;default&#8221; global_colors_info=&#8221;{}&#8221;][et_pb_image src=&#8221;https:\/\/piretilves.com\/wp-content\/uploads\/2023\/09\/IMG_5903.jpg&#8221; title_text=&#8221;IMG_5903&#8243; _builder_version=&#8221;4.22.1&#8243; _module_preset=&#8221;default&#8221; global_colors_info=&#8221;{}&#8221;][\/et_pb_image][\/et_pb_column][et_pb_column type=&#8221;1_2&#8243; _builder_version=&#8221;4.22.1&#8243; _module_preset=&#8221;default&#8221; global_colors_info=&#8221;{}&#8221;][et_pb_text _builder_version=&#8221;4.22.1&#8243; _module_preset=&#8221;default&#8221; text_font=&#8221;||||||||&#8221; text_orientation=&#8221;center&#8221; global_colors_info=&#8221;{}&#8221;]<\/p>\n<p style=\"text-align: justify;\"><span>Oma t\u00f6\u00f6s \u00fchendan uurimist\u00f6\u00f6 ja praktilise kogemuse, aidates inimestel ja organisatsioonidel m\u00f5testada r\u00f5ivaste rolli t\u00e4nap\u00e4evases elu- ja t\u00f6\u00f6keskkonnas. Mind kutsutakse kaasa m\u00f5tlema nii individuaalsetes kui ka laiemates k\u00fcsimustes \u2014 alates isiklikest r\u00f5ivavalikutest kuni organisatsioonikultuuri, identiteedi ja vastutuse teemadeni.<\/span><\/p>\n<p style=\"text-align: justify;\"><span style=\"font-size: 14px; text-decoration-line: underline;\"><\/span><\/p>\n<p style=\"text-align: justify;\"><span style=\"font-size: 14px; text-decoration-line: underline;\">Ettev\u00f5tetele<\/span><\/p>\n<p style=\"text-align: justify;\"><span style=\"font-size: 14px;\">T\u00f6\u00f6tan organisatsioonidega, kes soovivad vaadata r\u00f5ivaid osana oma identiteedist, kultuurist ja vastutusest.<\/span><\/p>\n<ul>\n<li style=\"text-align: justify;\">45min vestlus-loeng &#8220;R\u00f5ivas kui igap\u00e4evane t\u00f6\u00f6kaaslane&#8221;<span style=\"font-size: 14px;\"><\/span><\/li>\n<li style=\"text-align: justify;\">2,5h vestlus-loeng &#8220;Teadlikud r\u00f5ivavalikud t\u00f6\u00f6elus&#8221;<\/li>\n<\/ul>\n<p style=\"text-align: justify;\"><span style=\"font-size: 14px; text-decoration-line: underline;\">Hariduse valdkonnale<\/span><span style=\"text-decoration: underline;\"><\/span><\/p>\n<p style=\"text-align: justify;\"><span style=\"font-size: 14px;\">T\u00f6\u00f6tan alushariduse valdkonnas \u00f5petajatega, kelle igap\u00e4evane t\u00f6\u00f6 m\u00f5jutab laste kehatunnetust ja arusaamu r\u00f5ivastest kui igap\u00e4evastest kaaslastest.<\/span><\/p>\n<ul>\n<li style=\"text-align: justify;\"><span style=\"font-size: 14px;\">1,5h vestlus-loeng \u201eR\u00f5ivas kui igap\u00e4evane kaaslane\u201c 250.00 \u20ac + km<\/span><span style=\"font-size: 14px;\"><\/span><\/li>\n<\/ul>\n<p style=\"text-align: left;\"><span style=\"font-size: 14px;\">T\u00f6\u00f6tan noortega, kelle r\u00f5ivavalikud kujunevad \u00fchiskondlike ootuste,\u00a0 enesetunnetuse ja keskkonna k\u00fcsimuste ristumiskohas.<\/span><span style=\"font-size: 14px;\"><\/span><\/p>\n<ul>\n<li style=\"text-align: left;\"><span style=\"font-size: 14px;\">45min vestlus-loeng \u201eR\u00f5ivad kooli l\u00f5petamisel &#8211; normid, ootused, isiklik stiil ja keskkond\u201c 135.00 \u20ac + km<\/span><\/li>\n<\/ul>\n<p style=\"text-align: justify;\"><span style=\"font-size: 14px;\"><\/span><\/p>\n<p style=\"text-align: justify;\"><span style=\"text-decoration: underline;\"><span style=\"font-size: 14px;\">Eraisikutele<\/span><\/span><\/p>\n<p style=\"text-align: justify;\"><span style=\"font-size: 14px;\">T\u00f6\u00f6tan inimestega, kes soovivad oma suhet r\u00f5ivastesse teadlikumalt m\u00f5testada ning teha valikuid, mis l\u00e4htuvad nii isiklikest vajadustest kui ka laiemast m\u00f5just.<\/span><span><\/span><\/p>\n<ul>\n<li style=\"text-align: justify;\"><span>KapisAinultLemmikud tutvustus, individuaalprogramm kokkuleppel<\/span><\/li>\n<li style=\"text-align: justify;\"><span>R\u00f5ivaostude kaardistamise aastane programm 89.00 \u20ac<\/span><\/li>\n<li style=\"text-align: justify;\"><span>45min r\u00f5ivak\u00fcsimuste videokonsultatsioon 119.00 \u20ac<\/span><\/li>\n<\/ul>\n<p style=\"text-align: center;\">\n<p>[\/et_pb_text][\/et_pb_column][\/et_pb_row][\/et_pb_section]<\/p>\n","protected":false},"excerpt":{"rendered":"<p>Oma t\u00f6\u00f6s \u00fchendan uurimist\u00f6\u00f6 ja praktilise kogemuse, aidates inimestel ja organisatsioonidel m\u00f5testada r\u00f5ivaste rolli t\u00e4nap\u00e4evases elu- ja t\u00f6\u00f6keskkonnas. Mind kutsutakse kaasa m\u00f5tlema nii individuaalsetes kui ka laiemates k\u00fcsimustes \u2014 alates isiklikest r\u00f5ivavalikutest kuni organisatsioonikultuuri, identiteedi ja vastutuse teemadeni. Ettev\u00f5tetele T\u00f6\u00f6tan organisatsioonidega, kes soovivad vaadata r\u00f5ivaid osana oma identiteedist, kultuurist ja vastutusest. 45min vestlus-loeng &#8220;R\u00f5ivas kui [&hellip;]<\/p>\n","protected":false},"author":1,"featured_media":0,"parent":0,"menu_order":0,"comment_status":"closed","ping_status":"closed","template":"","meta":{"_et_pb_use_builder":"on","_et_pb_old_content":"<!-- wp:divi\/placeholder \/-->","_et_gb_content_width":"","footnotes":""},"class_list":["post-241","page","type-page","status-publish","hentry"],"_links":{"self":[{"href":"https:\/\/piretilves.com\/en\/wp-json\/wp\/v2\/pages\/241","targetHints":{"allow":["GET"]}}],"collection":[{"href":"https:\/\/piretilves.com\/en\/wp-json\/wp\/v2\/pages"}],"about":[{"href":"https:\/\/piretilves.com\/en\/wp-json\/wp\/v2\/types\/page"}],"author":[{"embeddable":true,"href":"https:\/\/piretilves.com\/en\/wp-json\/wp\/v2\/users\/1"}],"replies":[{"embeddable":true,"href":"https:\/\/piretilves.com\/en\/wp-json\/wp\/v2\/comments?post=241"}],"version-history":[{"count":6,"href":"https:\/\/piretilves.com\/en\/wp-json\/wp\/v2\/pages\/241\/revisions"}],"predecessor-version":[{"id":740,"href":"https:\/\/piretilves.com\/en\/wp-json\/wp\/v2\/pages\/241\/revisions\/740"}],"wp:attachment":[{"href":"https:\/\/piretilves.com\/en\/wp-json\/wp\/v2\/media?parent=241"}],"curies":[{"name":"wp","href":"https:\/\/api.w.org\/{rel}","templated":true}]}}